{"id":34768,"date":"2026-01-29T07:30:13","date_gmt":"2026-01-29T07:30:13","guid":{"rendered":"https:\/\/digify.com\/?page_id=34768"},"modified":"2026-02-12T02:12:24","modified_gmt":"2026-02-12T02:12:24","slug":"secure-email-attachment","status":"publish","type":"page","link":"https:\/\/staging-x.digifyteam.com\/de\/secure-email-attachment.html","title":{"rendered":"Sicherer E-Mail-Anhang"},"content":{"rendered":"<div data-elementor-type=\"wp-page\" data-elementor-id=\"34768\" class=\"elementor elementor-34768\" data-elementor-post-type=\"page\">\n\t\t\t\t<div class=\"elementor-element elementor-element-64182f66 e-flex e-con-boxed e-con e-parent\" data-id=\"64182f66\" data-element_type=\"container\" data-settings=\"{&quot;background_background&quot;:&quot;classic&quot;}\">\n\t\t\t\t\t<div class=\"e-con-inner\">\n\t\t<div class=\"elementor-element elementor-element-6499efbb e-con-full e-flex e-con e-child\" data-id=\"6499efbb\" data-element_type=\"container\">\n\t\t<div class=\"elementor-element elementor-element-455dd300 e-con-full wow fadeInLeft e-flex e-con e-child\" data-id=\"455dd300\" data-element_type=\"container\">\n\t\t<div class=\"elementor-element elementor-element-5d7129c5 e-con-full e-flex e-con e-child\" data-id=\"5d7129c5\" data-element_type=\"container\">\n\t\t\t\t<div class=\"elementor-element elementor-element-3902b7fd elementor-widget elementor-widget-heading\" data-id=\"3902b7fd\" data-element_type=\"widget\" data-widget_type=\"heading.default\">\n\t\t\t\t\t<h1 class=\"elementor-heading-title elementor-size-default\">Senden Sie sichere E-Mails und Dateien in Gmail und Outlook<\/h1>\t\t\t\t<\/div>\n\t\t\t\t<div class=\"elementor-element elementor-element-40203d5b elementor-widget elementor-widget-text-editor\" data-id=\"40203d5b\" data-element_type=\"widget\" data-widget_type=\"text-editor.default\">\n\t\t\t\t\t\t\t\t\t<p>Mit Digify k\u00f6nnen Sie verschl\u00fcsselte E-Mails und Dateien, die nachverfolgt und gesch\u00fctzt werden, direkt in Google Mail oder Outlook versenden, ohne Ihren Arbeitsablauf zu \u00e4ndern.<\/p>\t\t\t\t\t\t\t\t<\/div>\n\t\t\t\t<\/div>\n\t\t<div class=\"elementor-element elementor-element-77696296 e-con-full e-flex e-con e-child\" data-id=\"77696296\" data-element_type=\"container\">\n\t\t<div class=\"elementor-element elementor-element-264dc9d2 e-con-full e-flex e-con e-child\" data-id=\"264dc9d2\" data-element_type=\"container\">\n\t\t\t\t<div class=\"elementor-element elementor-element-2ccaef32 elementor-mobile-align-center elementor-widget-mobile__width-inherit btn-w100 elementor-widget elementor-widget-button\" data-id=\"2ccaef32\" data-element_type=\"widget\" data-widget_type=\"button.default\">\n\t\t\t\t\t\t\t\t\t\t<a class=\"elementor-button elementor-button-link elementor-size-sm\" href=\"\/de\/m\/trial\/\">\n\t\t\t\t\t\t<span class=\"elementor-button-content-wrapper\">\n\t\t\t\t\t\t\t\t\t<span class=\"elementor-button-text\">Kostenlos Testen<\/span>\n\t\t\t\t\t<\/span>\n\t\t\t\t\t<\/a>\n\t\t\t\t\t\t\t\t<\/div>\n\t\t\t\t<div class=\"elementor-element elementor-element-632762f4 elementor-mobile-align-center elementor-widget-mobile__width-inherit btn-w100 elementor-widget elementor-widget-button\" data-id=\"632762f4\" data-element_type=\"widget\" data-widget_type=\"button.default\">\n\t\t\t\t\t\t\t\t\t\t<a class=\"elementor-button elementor-button-link elementor-size-sm\" href=\"\/de\/book-demo-sign-up.html\/\">\n\t\t\t\t\t\t<span class=\"elementor-button-content-wrapper\">\n\t\t\t\t\t\t\t\t\t<span class=\"elementor-button-text\">Demo buchen<\/span>\n\t\t\t\t\t<\/span>\n\t\t\t\t\t<\/a>\n\t\t\t\t\t\t\t\t<\/div>\n\t\t\t\t<\/div>\n\t\t\t\t<div class=\"elementor-element elementor-element-31ca262d elementor-widget elementor-widget-text-editor\" data-id=\"31ca262d\" data-element_type=\"widget\" data-widget_type=\"text-editor.default\">\n\t\t\t\t\t\t\t\t\t<p>Keine Kreditkarte erforderlich<\/p>\t\t\t\t\t\t\t\t<\/div>\n\t\t\t\t<\/div>\n\t\t\t\t<\/div>\n\t\t<div class=\"elementor-element elementor-element-1229c3f0 e-con-full wow fadeInRight e-flex e-con e-child\" data-id=\"1229c3f0\" data-element_type=\"container\">\n\t\t\t\t<div class=\"elementor-element elementor-element-0da45d1 elementor-widget elementor-widget-image\" data-id=\"0da45d1\" data-element_type=\"widget\" data-widget_type=\"image.default\">\n\t\t\t\t\t\t\t\t\t\t\t\t\t\t\t<img fetchpriority=\"high\" decoding=\"async\" width=\"640\" height=\"651\" src=\"https:\/\/staging-x.digifyteam.com\/wp-content\/uploads\/2026\/02\/HP_Hero_EmailPlugin-1006x1024.webp\" class=\"attachment-large size-large wp-image-35480\" alt=\"\" srcset=\"https:\/\/staging-x.digifyteam.com\/wp-content\/uploads\/2026\/02\/HP_Hero_EmailPlugin-1006x1024.webp 1006w, https:\/\/staging-x.digifyteam.com\/wp-content\/uploads\/2026\/02\/HP_Hero_EmailPlugin-295x300.webp 295w, https:\/\/staging-x.digifyteam.com\/wp-content\/uploads\/2026\/02\/HP_Hero_EmailPlugin-768x782.webp 768w, https:\/\/staging-x.digifyteam.com\/wp-content\/uploads\/2026\/02\/HP_Hero_EmailPlugin-12x12.webp 12w, https:\/\/staging-x.digifyteam.com\/wp-content\/uploads\/2026\/02\/HP_Hero_EmailPlugin.webp 1312w\" sizes=\"(max-width: 640px) 100vw, 640px\" \/>\t\t\t\t\t\t\t\t\t\t\t\t\t\t\t<\/div>\n\t\t\t\t<\/div>\n\t\t\t\t<\/div>\n\t\t\t\t\t<\/div>\n\t\t\t\t<\/div>\n\t\t<div class=\"elementor-element elementor-element-86599ea e-flex e-con-boxed e-con e-parent\" data-id=\"86599ea\" data-element_type=\"container\" data-settings=\"{&quot;background_background&quot;:&quot;classic&quot;}\">\n\t\t\t\t\t<div class=\"e-con-inner\">\n\t\t<div class=\"elementor-element elementor-element-2b970579 e-con-full e-flex e-con e-child\" data-id=\"2b970579\" data-element_type=\"container\">\n\t\t\t\t<div class=\"elementor-element elementor-element-67e1759 elementor-widget elementor-widget-heading\" data-id=\"67e1759\" data-element_type=\"widget\" data-widget_type=\"heading.default\">\n\t\t\t\t\t<h4 class=\"elementor-heading-title elementor-size-default\">DAS PROBLEM<\/h4>\t\t\t\t<\/div>\n\t\t\t\t<div class=\"elementor-element elementor-element-60637506 elementor-widget elementor-widget-heading\" data-id=\"60637506\" data-element_type=\"widget\" data-widget_type=\"heading.default\">\n\t\t\t\t\t<h2 class=\"elementor-heading-title elementor-size-default\">E-Mail ist nicht sicher und Ihre Anh\u00e4nge sind nicht sicher<\/h2>\t\t\t\t<\/div>\n\t\t\t\t<div class=\"elementor-element elementor-element-1b9082b5 elementor-widget elementor-widget-heading\" data-id=\"1b9082b5\" data-element_type=\"widget\" data-widget_type=\"heading.default\">\n\t\t\t\t\t<p class=\"elementor-heading-title elementor-size-default\">Heutzutage k\u00f6nnen Sie leicht die Kontrolle \u00fcber vertrauliche Informationen verlieren, die in E-Mail-Anh\u00e4ngen versendet werden. Wenn Sie wichtige Dokumente als E-Mail-Anh\u00e4nge versenden, senden Sie Ihre Informationen auf unsichere Weise - unverschl\u00fcsselt, nicht nachverfolgt und ohne Schutz f\u00fcr den Inhalt. Es gibt keine M\u00f6glichkeit, Ihre Anh\u00e4nge zur\u00fcckzunehmen, nachdem Sie sie verschickt haben.<\/p>\t\t\t\t<\/div>\n\t\t\t\t<\/div>\n\t\t<div class=\"elementor-element elementor-element-1b0edc1b e-con-full e-flex e-con e-child\" data-id=\"1b0edc1b\" data-element_type=\"container\">\n\t\t\t\t<div class=\"elementor-element elementor-element-65038902 elementor-widget elementor-widget-image\" data-id=\"65038902\" data-element_type=\"widget\" data-widget_type=\"image.default\">\n\t\t\t\t\t\t\t\t\t\t\t\t\t\t\t<img decoding=\"async\" width=\"640\" height=\"640\" src=\"https:\/\/staging-x.digifyteam.com\/wp-content\/uploads\/2026\/02\/HP_FeatureBackground_EmailNotSecured-1024x1024.webp\" class=\"attachment-large size-large wp-image-35544\" alt=\"\" srcset=\"https:\/\/staging-x.digifyteam.com\/wp-content\/uploads\/2026\/02\/HP_FeatureBackground_EmailNotSecured-1024x1024.webp 1024w, https:\/\/staging-x.digifyteam.com\/wp-content\/uploads\/2026\/02\/HP_FeatureBackground_EmailNotSecured-300x300.webp 300w, https:\/\/staging-x.digifyteam.com\/wp-content\/uploads\/2026\/02\/HP_FeatureBackground_EmailNotSecured-150x150.webp 150w, https:\/\/staging-x.digifyteam.com\/wp-content\/uploads\/2026\/02\/HP_FeatureBackground_EmailNotSecured-768x768.webp 768w, https:\/\/staging-x.digifyteam.com\/wp-content\/uploads\/2026\/02\/HP_FeatureBackground_EmailNotSecured-12x12.webp 12w, https:\/\/staging-x.digifyteam.com\/wp-content\/uploads\/2026\/02\/HP_FeatureBackground_EmailNotSecured.webp 1120w\" sizes=\"(max-width: 640px) 100vw, 640px\" \/>\t\t\t\t\t\t\t\t\t\t\t\t\t\t\t<\/div>\n\t\t\t\t<\/div>\n\t\t\t\t\t<\/div>\n\t\t\t\t<\/div>\n\t\t<div class=\"elementor-element elementor-element-d1d0c51 e-flex e-con-boxed e-con e-parent\" data-id=\"d1d0c51\" data-element_type=\"container\" data-settings=\"{&quot;background_background&quot;:&quot;classic&quot;}\">\n\t\t\t\t\t<div class=\"e-con-inner\">\n\t\t<div class=\"elementor-element elementor-element-70f8a698 e-con-full e-flex e-con e-child\" data-id=\"70f8a698\" data-element_type=\"container\">\n\t\t<div class=\"elementor-element elementor-element-1e26eaa1 e-con-full e-flex e-con e-child\" data-id=\"1e26eaa1\" data-element_type=\"container\">\n\t\t\t\t<div class=\"elementor-element elementor-element-7893fde3 elementor-widget elementor-widget-heading\" data-id=\"7893fde3\" data-element_type=\"widget\" data-widget_type=\"heading.default\">\n\t\t\t\t\t<h2 class=\"elementor-heading-title elementor-size-default\">Vollst\u00e4ndige Verschl\u00fcsselung, Kontrolle und Nachverfolgung f\u00fcr Ihre E-Mails und Dateien<\/h2>\t\t\t\t<\/div>\n\t\t\t\t<div class=\"elementor-element elementor-element-6dc0f416 elementor-widget__width-initial elementor-widget-mobile__width-inherit elementor-widget elementor-widget-text-editor\" data-id=\"6dc0f416\" data-element_type=\"widget\" data-widget_type=\"text-editor.default\">\n\t\t\t\t\t\t\t\t\t<p>Mit Digify k\u00f6nnen Sie E-Mails und Dateien in Gmail und Outlook nach dem Versand kontrollieren.<\/p>\t\t\t\t\t\t\t\t<\/div>\n\t\t\t\t<\/div>\n\t\t\t\t<\/div>\n\t\t<div class=\"elementor-element elementor-element-9e7518f e-con-full e-flex e-con e-child\" data-id=\"9e7518f\" data-element_type=\"container\">\n\t\t<div class=\"elementor-element elementor-element-5c685b94 e-con-full e-flex e-con e-child\" data-id=\"5c685b94\" data-element_type=\"container\" data-settings=\"{&quot;background_background&quot;:&quot;classic&quot;}\">\n\t\t<div class=\"elementor-element elementor-element-3872887c e-con-full e-flex e-con e-child\" data-id=\"3872887c\" data-element_type=\"container\" data-settings=\"{&quot;background_background&quot;:&quot;classic&quot;}\">\n\t\t\t\t<div class=\"elementor-element elementor-element-11a7e974 elementor-widget elementor-widget-xa-icon-type-widget\" data-id=\"11a7e974\" data-element_type=\"widget\" data-widget_type=\"xa-icon-type-widget.default\">\n\t\t\t\t<div class=\"elementor-widget-container\">\n\t\t\t\t\t\r\n        <div class=\"xa-wrapper xa-alignment xa-list-styles\">\r\n            <div class=\"xa-icon-type xa-layout-1\"><div class=\"svg\"><span class=\"xa-list-icon\"><svg xmlns=\"http:\/\/www.w3.org\/2000\/svg\" width=\"32\" height=\"28\" viewbox=\"0 0 32 28\" fill=\"none\">\r\n  <g clip-path=\"url(#clip0_4149_10771)\">\r\n    <path d=\"M3.55556 25.375H17.2611C17.8722 26.1625 18.6 26.9117 19.4556 27.5844C18.9556 27.8469 18.3833 28 17.7778 28H3.55556C1.59444 28 0 26.4305 0 24.5V3.5C0 1.56953 1.59444 0 3.55556 0H12.75C13.6944 0 14.6 0.366406 15.2667 1.02266L20.2944 5.97187C20.9611 6.62812 21.3333 7.51953 21.3333 8.44922V11.3203L18.6667 12.3703V8.75H14.2222C13.2389 8.75 12.4444 7.96797 12.4444 7V2.625H3.55556C3.06667 2.625 2.66667 3.01875 2.66667 3.5V24.5C2.66667 24.9813 3.06667 25.375 3.55556 25.375ZM23.5056 12.343C23.8222 12.2172 24.1778 12.2172 24.4944 12.343L31.1611 14.968C31.6667 15.1703 32 15.6516 32 16.1875C32 19.6492 30.5611 25.4188 24.5111 27.9016C24.1833 28.0383 23.8111 28.0383 23.4833 27.9016C17.4389 25.4188 16 19.6492 16 16.1875C16 15.6516 16.3333 15.1703 16.8389 14.968L23.5056 12.343ZM29.3 17.0625L24 14.9734V25.2437C27.7889 23.4391 29.0833 19.8297 29.3 17.057V17.0625Z\" fill=\"white\"\/>\r\n  <\/g>\r\n  <defs>\r\n    <clippath id=\"clip0_4149_10771\">\r\n      <rect width=\"32\" height=\"28\" fill=\"white\"\/>\r\n    <\/clippath>\r\n  <\/defs>\r\n<\/svg><\/span>\r\n\t\t\t\t<\/div>\r\n            <\/div>\r\n        <\/div>\t\t\t\t<\/div>\n\t\t\t\t<\/div>\n\t\t\t\t<div class=\"elementor-element elementor-element-2b4844bf elementor-widget elementor-widget-heading\" data-id=\"2b4844bf\" data-element_type=\"widget\" data-widget_type=\"heading.default\">\n\t\t\t\t\t<h3 class=\"elementor-heading-title elementor-size-default\">Verschl\u00fcsselung<\/h3>\t\t\t\t<\/div>\n\t\t\t\t<div class=\"elementor-element elementor-element-7f13172c elementor-widget elementor-widget-text-editor\" data-id=\"7f13172c\" data-element_type=\"widget\" data-widget_type=\"text-editor.default\">\n\t\t\t\t\t\t\t\t\t<p>Senden Sie Dokumente sicher \u00fcber Digify mit verschl\u00fcsselten E-Mails und Dateien unter Verwendung des AES-256-Algorithmus, der f\u00fcr streng geheime Dokumente zertifiziert ist. Erfahren Sie mehr \u00fcber\u00a0<a href=\"https:\/\/digify.com\/security.html\" target=\"_blank\" rel=\"noopener\">Digifys Sicherheitszertifizierungen<\/a>.<\/p>\t\t\t\t\t\t\t\t<\/div>\n\t\t\t\t<\/div>\n\t\t\t\t<\/div>\n\t\t<div class=\"elementor-element elementor-element-6b82cc2f e-con-full e-flex e-con e-child\" data-id=\"6b82cc2f\" data-element_type=\"container\" data-settings=\"{&quot;background_background&quot;:&quot;classic&quot;}\">\n\t\t<div class=\"elementor-element elementor-element-720cfb1a e-con-full e-flex e-con e-child\" data-id=\"720cfb1a\" data-element_type=\"container\" data-settings=\"{&quot;background_background&quot;:&quot;classic&quot;}\">\n\t\t\t\t<div class=\"elementor-element elementor-element-4aba0006 elementor-widget elementor-widget-xa-icon-type-widget\" data-id=\"4aba0006\" data-element_type=\"widget\" data-widget_type=\"xa-icon-type-widget.default\">\n\t\t\t\t<div class=\"elementor-widget-container\">\n\t\t\t\t\t\r\n        <div class=\"xa-wrapper xa-alignment xa-list-styles\">\r\n            <div class=\"xa-icon-type xa-layout-1\"><div class=\"svg\"><span class=\"xa-list-icon\"><svg xmlns=\"http:\/\/www.w3.org\/2000\/svg\" width=\"32\" height=\"28\" viewbox=\"0 0 32 28\" fill=\"none\">\r\n  <g clip-path=\"url(#clip0_4726_2164)\">\r\n    <path d=\"M17.7778 25.375H3.55556C3.06667 25.375 2.66667 24.9813 2.66667 24.5V3.5C2.66667 3.01875 3.06667 2.625 3.55556 2.625H12.4444V7C12.4444 7.96797 13.2389 8.75 14.2222 8.75H18.6667V16.9367C18.9222 16.6523 19.2222 16.4117 19.5556 16.2203V14.875C19.5556 13.207 20.2333 11.6922 21.3333 10.5875V8.44922C21.3333 7.51953 20.9611 6.62812 20.2944 5.97187L15.2611 1.02266C14.5944 0.366406 13.6944 0 12.75 0H3.55556C1.59444 0 0 1.56953 0 3.5V24.5C0 26.4305 1.59444 28 3.55556 28H17.7778C17.9333 28 18.0889 27.9891 18.2389 27.9727C17.9444 27.4641 17.7778 26.8789 17.7778 26.25V25.375ZM25.7778 13.125C26.7611 13.125 27.5556 13.907 27.5556 14.875V17.5H24V14.875C24 13.907 24.7944 13.125 25.7778 13.125ZM21.3333 14.875V17.5C20.35 17.5 19.5556 18.282 19.5556 19.25V26.25C19.5556 27.218 20.35 28 21.3333 28H30.2222C31.2056 28 32 27.218 32 26.25V19.25C32 18.282 31.2056 17.5 30.2222 17.5V14.875C30.2222 12.4578 28.2333 10.5 25.7778 10.5C23.3222 10.5 21.3333 12.4578 21.3333 14.875Z\" fill=\"white\"\/>\r\n  <\/g>\r\n  <defs>\r\n    <clippath id=\"clip0_4726_2164\">\r\n      <rect width=\"32\" height=\"28\" fill=\"white\"\/>\r\n    <\/clippath>\r\n  <\/defs>\r\n<\/svg><\/span>\r\n\t\t\t\t<\/div>\r\n            <\/div>\r\n        <\/div>\t\t\t\t<\/div>\n\t\t\t\t<\/div>\n\t\t\t\t<div class=\"elementor-element elementor-element-27f05e18 elementor-widget elementor-widget-heading\" data-id=\"27f05e18\" data-element_type=\"widget\" data-widget_type=\"heading.default\">\n\t\t\t\t\t<h3 class=\"elementor-heading-title elementor-size-default\">Sicherheit und Rechteverwaltung<\/h3>\t\t\t\t<\/div>\n\t\t\t\t<div class=\"elementor-element elementor-element-3b2192b4 elementor-widget elementor-widget-text-editor\" data-id=\"3b2192b4\" data-element_type=\"widget\" data-widget_type=\"text-editor.default\">\n\t\t\t\t\t\t\t\t\t<p>Legen Sie fest, ob die Empf\u00e4nger Ihr Dokument herunterladen oder drucken k\u00f6nnen. F\u00fcgen Sie ganz einfach ein Wasserzeichen hinzu und legen Sie fest, dass Ihr Dokument automatisch abl\u00e4uft. Heben Sie den Versand von E-Mails auf und sperren Sie den Zugriff auf Dateien jederzeit.<\/p>\t\t\t\t\t\t\t\t<\/div>\n\t\t\t\t<\/div>\n\t\t\t\t<\/div>\n\t\t<div class=\"elementor-element elementor-element-17a3fccb e-con-full e-flex e-con e-child\" data-id=\"17a3fccb\" data-element_type=\"container\" data-settings=\"{&quot;background_background&quot;:&quot;classic&quot;}\">\n\t\t<div class=\"elementor-element elementor-element-4675b8fe e-con-full e-flex e-con e-child\" data-id=\"4675b8fe\" data-element_type=\"container\" data-settings=\"{&quot;background_background&quot;:&quot;classic&quot;}\">\n\t\t\t\t<div class=\"elementor-element elementor-element-63c2b730 elementor-widget elementor-widget-xa-icon-type-widget\" data-id=\"63c2b730\" data-element_type=\"widget\" data-widget_type=\"xa-icon-type-widget.default\">\n\t\t\t\t<div class=\"elementor-widget-container\">\n\t\t\t\t\t\r\n        <div class=\"xa-wrapper xa-alignment xa-list-styles\">\r\n            <div class=\"xa-icon-type xa-layout-1\"><div class=\"svg\"><span class=\"xa-list-icon\"><svg xmlns=\"http:\/\/www.w3.org\/2000\/svg\" width=\"32\" height=\"32\" viewbox=\"0 0 32 32\" fill=\"none\">\r\n  <path d=\"M2 2C3.10625 2 4 2.89375 4 4V25C4 25.55 4.45 26 5 26H30C31.1063 26 32 26.8937 32 28C32 29.1063 31.1063 30 30 30H5C2.2375 30 0 27.7625 0 25V4C0 2.89375 0.89375 2 2 2ZM10 14C11.1062 14 12 14.8938 12 16V20C12 21.1063 11.1062 22 10 22C8.89375 22 8 21.1063 8 20V16C8 14.8938 8.89375 14 10 14ZM18 10V20C18 21.1063 17.1063 22 16 22C14.8938 22 14 21.1063 14 20V10C14 8.89375 14.8938 8 16 8C17.1063 8 18 8.89375 18 10ZM22 12C23.1063 12 24 12.8938 24 14V20C24 21.1063 23.1063 22 22 22C20.8937 22 20 21.1063 20 20V14C20 12.8938 20.8937 12 22 12ZM30 6V20C30 21.1063 29.1063 22 28 22C26.8937 22 26 21.1063 26 20V6C26 4.89375 26.8937 4 28 4C29.1063 4 30 4.89375 30 6Z\" fill=\"white\"\/>\r\n<\/svg><\/span>\r\n\t\t\t\t<\/div>\r\n            <\/div>\r\n        <\/div>\t\t\t\t<\/div>\n\t\t\t\t<\/div>\n\t\t\t\t<div class=\"elementor-element elementor-element-5f142548 elementor-widget elementor-widget-heading\" data-id=\"5f142548\" data-element_type=\"widget\" data-widget_type=\"heading.default\">\n\t\t\t\t\t<h3 class=\"elementor-heading-title elementor-size-default\">R\u00fcckverfolgung und Analytik<\/h3>\t\t\t\t<\/div>\n\t\t\t\t<div class=\"elementor-element elementor-element-3addabdb elementor-widget elementor-widget-text-editor\" data-id=\"3addabdb\" data-element_type=\"widget\" data-widget_type=\"text-editor.default\">\n\t\t\t\t\t\t\t\t\t<p>Erfahren Sie, ob Ihre Empf\u00e4nger Ihre E-Mails und Dateien angesehen haben, wie lange und ob sie Ihre Datei heruntergeladen oder ausgedruckt haben.<\/p>\t\t\t\t\t\t\t\t<\/div>\n\t\t\t\t<\/div>\n\t\t\t\t<\/div>\n\t\t\t\t<\/div>\n\t\t\t\t\t<\/div>\n\t\t\t\t<\/div>\n\t\t<div class=\"elementor-element elementor-element-4938ad29 e-flex e-con-boxed e-con e-parent\" data-id=\"4938ad29\" data-element_type=\"container\" data-settings=\"{&quot;background_background&quot;:&quot;classic&quot;}\">\n\t\t\t\t\t<div class=\"e-con-inner\">\n\t\t<div class=\"elementor-element elementor-element-3e8f236d e-con-full e-flex e-con e-child\" data-id=\"3e8f236d\" data-element_type=\"container\" data-settings=\"{&quot;background_background&quot;:&quot;classic&quot;}\">\n\t\t<div class=\"elementor-element elementor-element-3cc60a08 e-con-full e-flex e-con e-child\" data-id=\"3cc60a08\" data-element_type=\"container\">\n\t\t\t\t<div class=\"elementor-element elementor-element-7d31b54 elementor-widget elementor-widget-heading\" data-id=\"7d31b54\" data-element_type=\"widget\" data-widget_type=\"heading.default\">\n\t\t\t\t\t<h3 class=\"elementor-heading-title elementor-size-default\">Digify f\u00fcr Gmail<\/h3>\t\t\t\t<\/div>\n\t\t\t\t<div class=\"elementor-element elementor-element-f597684 elementor-widget elementor-widget-video\" data-id=\"f597684\" data-element_type=\"widget\" data-settings=\"{&quot;video_type&quot;:&quot;vimeo&quot;}\" data-widget_type=\"video.default\">\n\t\t\t\t\t\t\t<div class=\"elementor-wrapper elementor-open-inline\">\n\t\t\t<iframe class=\"elementor-video-iframe\" allowfullscreen allow=\"clipboard-write\" title=\"vimeo Video Player\" src=\"https:\/\/player.vimeo.com\/video\/519865849?color&amp;autopause=0&amp;loop=0&amp;muted=0&amp;title=0&amp;portrait=0&amp;byline=0#t=\"><\/iframe>\t\t<\/div>\n\t\t\t\t\t\t<\/div>\n\t\t\t\t<div class=\"elementor-element elementor-element-65b71744 elementor-mobile-align-center elementor-widget-mobile__width-inherit btn-w100 elementor-align-center elementor-widget elementor-widget-button\" data-id=\"65b71744\" data-element_type=\"widget\" data-widget_type=\"button.default\">\n\t\t\t\t\t\t\t\t\t\t<a class=\"elementor-button elementor-button-link elementor-size-sm\" href=\"https:\/\/chrome.google.com\/webstore\/detail\/digify-for-gmail-track-un\/lccpadlcbfphjdlckfnlahjhikmgglak?hl=en\" target=\"_blank\" rel=\"noopener\">\n\t\t\t\t\t\t<span class=\"elementor-button-content-wrapper\">\n\t\t\t\t\t\t\t\t\t<span class=\"elementor-button-text\">Digify f\u00fcr Gmail installieren<\/span>\n\t\t\t\t\t<\/span>\n\t\t\t\t\t<\/a>\n\t\t\t\t\t\t\t\t<\/div>\n\t\t\t\t<\/div>\n\t\t<div class=\"elementor-element elementor-element-2c7e19cd e-con-full e-flex e-con e-child\" data-id=\"2c7e19cd\" data-element_type=\"container\">\n\t\t\t\t<div class=\"elementor-element elementor-element-ea54b8e elementor-widget elementor-widget-heading\" data-id=\"ea54b8e\" data-element_type=\"widget\" data-widget_type=\"heading.default\">\n\t\t\t\t\t<h3 class=\"elementor-heading-title elementor-size-default\">Digify f\u00fcr Outlook<\/h3>\t\t\t\t<\/div>\n\t\t\t\t<div class=\"elementor-element elementor-element-9d60266 elementor-widget elementor-widget-video\" data-id=\"9d60266\" data-element_type=\"widget\" data-settings=\"{&quot;video_type&quot;:&quot;vimeo&quot;}\" data-widget_type=\"video.default\">\n\t\t\t\t\t\t\t<div class=\"elementor-wrapper elementor-open-inline\">\n\t\t\t<iframe class=\"elementor-video-iframe\" allowfullscreen allow=\"clipboard-write\" title=\"vimeo Video Player\" src=\"https:\/\/player.vimeo.com\/video\/519865893?color&amp;autopause=0&amp;loop=0&amp;muted=0&amp;title=0&amp;portrait=0&amp;byline=0#t=\"><\/iframe>\t\t<\/div>\n\t\t\t\t\t\t<\/div>\n\t\t\t\t<div class=\"elementor-element elementor-element-2759823 elementor-mobile-align-center elementor-widget-mobile__width-inherit btn-w100 elementor-align-center elementor-widget elementor-widget-button\" data-id=\"2759823\" data-element_type=\"widget\" data-widget_type=\"button.default\">\n\t\t\t\t\t\t\t\t\t\t<a class=\"elementor-button elementor-button-link elementor-size-sm\" href=\"https:\/\/appsource.microsoft.com\/en-us\/product\/office\/WA200000389?src=Office&#038;tab=Overview\" target=\"_blank\" rel=\"noopener\">\n\t\t\t\t\t\t<span class=\"elementor-button-content-wrapper\">\n\t\t\t\t\t\t\t\t\t<span class=\"elementor-button-text\">Installieren Sie Digify f\u00fcr Outlook<\/span>\n\t\t\t\t\t<\/span>\n\t\t\t\t\t<\/a>\n\t\t\t\t\t\t\t\t<\/div>\n\t\t\t\t<\/div>\n\t\t\t\t<\/div>\n\t\t\t\t\t<\/div>\n\t\t\t\t<\/div>\n\t\t<div class=\"elementor-element elementor-element-3fe47bce e-flex e-con-boxed e-con e-parent\" data-id=\"3fe47bce\" data-element_type=\"container\" data-settings=\"{&quot;background_background&quot;:&quot;classic&quot;}\">\n\t\t\t\t\t<div class=\"e-con-inner\">\n\t\t<div class=\"elementor-element elementor-element-3bbdc229 e-con-full e-flex e-con e-child\" data-id=\"3bbdc229\" data-element_type=\"container\">\n\t\t\t\t<div class=\"elementor-element elementor-element-473b02d6 elementor-widget elementor-widget-heading\" data-id=\"473b02d6\" data-element_type=\"widget\" data-widget_type=\"heading.default\">\n\t\t\t\t\t<h2 class=\"elementor-heading-title elementor-size-default\">Sichern Sie Ihre E-Mails und Dateien noch heute<\/h2>\t\t\t\t<\/div>\n\t\t<div class=\"elementor-element elementor-element-29e84940 e-con-full e-flex e-con e-child\" data-id=\"29e84940\" data-element_type=\"container\">\n\t\t\t\t<div class=\"elementor-element elementor-element-77c2e868 elementor-mobile-align-center elementor-widget-mobile__width-inherit btn-w100 elementor-widget elementor-widget-button\" data-id=\"77c2e868\" data-element_type=\"widget\" data-widget_type=\"button.default\">\n\t\t\t\t\t\t\t\t\t\t<a class=\"elementor-button elementor-button-link elementor-size-sm\" href=\"\/de\/m\/trial\/\">\n\t\t\t\t\t\t<span class=\"elementor-button-content-wrapper\">\n\t\t\t\t\t\t\t\t\t<span class=\"elementor-button-text\">Kostenlos Testen<\/span>\n\t\t\t\t\t<\/span>\n\t\t\t\t\t<\/a>\n\t\t\t\t\t\t\t\t<\/div>\n\t\t\t\t<div class=\"elementor-element elementor-element-5efad697 elementor-mobile-align-center elementor-widget-mobile__width-inherit btn-w100 elementor-widget elementor-widget-button\" data-id=\"5efad697\" data-element_type=\"widget\" data-widget_type=\"button.default\">\n\t\t\t\t\t\t\t\t\t\t<a class=\"elementor-button elementor-button-link elementor-size-sm\" href=\"\/de\/book-demo-sign-up.html\/\">\n\t\t\t\t\t\t<span class=\"elementor-button-content-wrapper\">\n\t\t\t\t\t\t\t\t\t<span class=\"elementor-button-text\">Demo buchen<\/span>\n\t\t\t\t\t<\/span>\n\t\t\t\t\t<\/a>\n\t\t\t\t\t\t\t\t<\/div>\n\t\t\t\t<\/div>\n\t\t\t\t<\/div>\n\t\t\t\t\t<\/div>\n\t\t\t\t<\/div>\n\t\t\t\t<\/div>","protected":false},"excerpt":{"rendered":"<p>Send secure emails &amp; files in Gmail and Outlook With Digify, you can send encrypted emails and files that are tracked and protected directly in Gmail or Outlook, without changing your workflow. Start free trial Book demo No credit card needed THE PROBLEM Email isn\u2019t secure and your attachments aren\u2019t safe Today, you can easily [&hellip;]<\/p>\n","protected":false},"author":5,"featured_media":0,"parent":0,"menu_order":0,"comment_status":"closed","ping_status":"closed","template":"elementor_header_footer","meta":{"footnotes":""},"class_list":["post-34768","page","type-page","status-publish","hentry"],"_links":{"self":[{"href":"https:\/\/staging-x.digifyteam.com\/de\/wp-json\/wp\/v2\/pages\/34768","targetHints":{"allow":["GET"]}}],"collection":[{"href":"https:\/\/staging-x.digifyteam.com\/de\/wp-json\/wp\/v2\/pages"}],"about":[{"href":"https:\/\/staging-x.digifyteam.com\/de\/wp-json\/wp\/v2\/types\/page"}],"author":[{"embeddable":true,"href":"https:\/\/staging-x.digifyteam.com\/de\/wp-json\/wp\/v2\/users\/5"}],"replies":[{"embeddable":true,"href":"https:\/\/staging-x.digifyteam.com\/de\/wp-json\/wp\/v2\/comments?post=34768"}],"version-history":[{"count":28,"href":"https:\/\/staging-x.digifyteam.com\/de\/wp-json\/wp\/v2\/pages\/34768\/revisions"}],"predecessor-version":[{"id":37686,"href":"https:\/\/staging-x.digifyteam.com\/de\/wp-json\/wp\/v2\/pages\/34768\/revisions\/37686"}],"wp:attachment":[{"href":"https:\/\/staging-x.digifyteam.com\/de\/wp-json\/wp\/v2\/media?parent=34768"}],"curies":[{"name":"wp","href":"https:\/\/api.w.org\/{rel}","templated":true}]}}