{"id":7201,"date":"2025-11-18T15:28:18","date_gmt":"2025-11-18T15:28:18","guid":{"rendered":"https:\/\/digify.com\/?page_id=7201"},"modified":"2026-02-12T05:07:20","modified_gmt":"2026-02-12T05:07:20","slug":"book-demo-sign-up","status":"publish","type":"page","link":"https:\/\/staging-x.digifyteam.com\/de\/book-demo-sign-up.html","title":{"rendered":"Book A Demo"},"content":{"rendered":"<div data-elementor-type=\"wp-page\" data-elementor-id=\"7201\" class=\"elementor elementor-7201\" data-elementor-post-type=\"page\">\n\t\t\t\t<div class=\"elementor-element elementor-element-efd48fd e-flex e-con-boxed e-con e-parent\" data-id=\"efd48fd\" data-element_type=\"container\">\n\t\t\t\t\t<div class=\"e-con-inner\">\n\t\t\t\t<div class=\"elementor-element elementor-element-8ea0d81 elementor-widget elementor-widget-heading\" data-id=\"8ea0d81\" data-element_type=\"widget\" data-widget_type=\"heading.default\">\n\t\t\t\t\t<h1 class=\"elementor-heading-title elementor-size-default\">Vereinbaren Sie einen Termin f\u00fcr Ihre Demo<\/h1>\t\t\t\t<\/div>\n\t\t\t\t<div class=\"elementor-element elementor-element-ab660ec elementor-widget elementor-widget-text-editor\" data-id=\"ab660ec\" data-element_type=\"widget\" data-widget_type=\"text-editor.default\">\n\t\t\t\t\t\t\t\t\t<p><span style=\"font-weight: 400;\">Vereinbaren Sie einen Termin f\u00fcr eine 30-min\u00fctige Produktdemo mit Ihrem Experten f\u00fcr Dokumentensicherheit<\/span><\/p>\t\t\t\t\t\t\t\t<\/div>\n\t\t\t\t\t<\/div>\n\t\t\t\t<\/div>\n\t\t<div class=\"elementor-element elementor-element-86bcbfd e-flex e-con-boxed e-con e-parent\" data-id=\"86bcbfd\" data-element_type=\"container\">\n\t\t\t\t\t<div class=\"e-con-inner\">\n\t\t<div class=\"elementor-element elementor-element-ff6cf24 e-con-full e-flex e-con e-child\" data-id=\"ff6cf24\" data-element_type=\"container\">\n\t\t<a class=\"elementor-element elementor-element-5e2ffe4 e-con-full e-flex e-con e-child\" data-id=\"5e2ffe4\" data-element_type=\"container\" data-settings=\"{&quot;background_background&quot;:&quot;classic&quot;}\" href=\"https:\/\/meetings.hubspot.com\/digify\/amer-sales\" target=\"_blank\" rel=\"noopener\">\n\t\t<div class=\"elementor-element elementor-element-41754dc e-con-full e-flex e-con e-child\" data-id=\"41754dc\" data-element_type=\"container\">\n\t\t\t\t<div class=\"elementor-element elementor-element-b701475 elementor-widget elementor-widget-heading\" data-id=\"b701475\" data-element_type=\"widget\" data-widget_type=\"heading.default\">\n\t\t\t\t\t<h3 class=\"elementor-heading-title elementor-size-default\">Amerika<\/h3>\t\t\t\t<\/div>\n\t\t\t\t<div class=\"elementor-element elementor-element-abab52b elementor-widget elementor-widget-text-editor\" data-id=\"abab52b\" data-element_type=\"widget\" data-widget_type=\"text-editor.default\">\n\t\t\t\t\t\t\t\t\t<p><span style=\"font-weight: 400;\">USA, Kanada, Mexiko, S\u00fcdamerika<\/span><\/p>\t\t\t\t\t\t\t\t<\/div>\n\t\t\t\t<\/div>\n\t\t<div class=\"elementor-element elementor-element-4fee0ca e-con-full e-flex e-con e-child\" data-id=\"4fee0ca\" data-element_type=\"container\">\n\t\t\t\t<div class=\"elementor-element elementor-element-6fe7280 elementor-widget elementor-widget-xa-icon-type-widget\" data-id=\"6fe7280\" data-element_type=\"widget\" data-widget_type=\"xa-icon-type-widget.default\">\n\t\t\t\t<div class=\"elementor-widget-container\">\n\t\t\t\t\t\r\n        <div class=\"xa-wrapper xa-alignment xa-list-styles\">\r\n            <div class=\"xa-icon-type xa-layout-1\"><div class=\"svg\"><span class=\"xa-list-icon\"><svg xmlns=\"http:\/\/www.w3.org\/2000\/svg\" width=\"32\" height=\"32\" viewbox=\"0 0 32 32\" fill=\"none\">\r\n  <path d=\"M21.5647 14.6665L14.4127 7.51452L16.2983 5.62891L26.6693 15.9999L16.2983 26.3707L14.4127 24.4851L21.5647 17.3332H5.33594V14.6665H21.5647Z\" fill=\"#C83838\"\/>\r\n<\/svg><\/span>\r\n\t\t\t\t<\/div>\r\n            <\/div>\r\n        <\/div>\t\t\t\t<\/div>\n\t\t\t\t<\/div>\n\t\t\t\t<\/div>\n\t\t\t\t<\/a>\n\t\t<a class=\"elementor-element elementor-element-d6a8a11 e-con-full e-flex e-con e-child\" data-id=\"d6a8a11\" data-element_type=\"container\" data-settings=\"{&quot;background_background&quot;:&quot;classic&quot;}\" href=\"https:\/\/meetings.hubspot.com\/digify\/digify-sales\" target=\"_blank\" rel=\"noopener\">\n\t\t<div class=\"elementor-element elementor-element-0db5212 e-con-full e-flex e-con e-child\" data-id=\"0db5212\" data-element_type=\"container\">\n\t\t\t\t<div class=\"elementor-element elementor-element-1ddefb8 elementor-widget elementor-widget-heading\" data-id=\"1ddefb8\" data-element_type=\"widget\" data-widget_type=\"heading.default\">\n\t\t\t\t\t<h3 class=\"elementor-heading-title elementor-size-default\">EU, UK, Naher Osten, Afrika<\/h3>\t\t\t\t<\/div>\n\t\t\t\t<div class=\"elementor-element elementor-element-d069598 elementor-widget elementor-widget-text-editor\" data-id=\"d069598\" data-element_type=\"widget\" data-widget_type=\"text-editor.default\">\n\t\t\t\t\t\t\t\t\t<p><span style=\"font-weight: 400;\">Europa, Vereinigtes K\u00f6nigreich, Naher Osten und Afrika<\/span><\/p>\t\t\t\t\t\t\t\t<\/div>\n\t\t\t\t<\/div>\n\t\t<div class=\"elementor-element elementor-element-fd600a6 e-con-full e-flex e-con e-child\" data-id=\"fd600a6\" data-element_type=\"container\">\n\t\t\t\t<div class=\"elementor-element elementor-element-a07b571 elementor-widget elementor-widget-xa-icon-type-widget\" data-id=\"a07b571\" data-element_type=\"widget\" data-widget_type=\"xa-icon-type-widget.default\">\n\t\t\t\t<div class=\"elementor-widget-container\">\n\t\t\t\t\t\r\n        <div class=\"xa-wrapper xa-alignment xa-list-styles\">\r\n            <div class=\"xa-icon-type xa-layout-1\"><div class=\"svg\"><span class=\"xa-list-icon\"><svg xmlns=\"http:\/\/www.w3.org\/2000\/svg\" width=\"32\" height=\"32\" viewbox=\"0 0 32 32\" fill=\"none\">\r\n  <path d=\"M21.5647 14.6665L14.4127 7.51452L16.2983 5.62891L26.6693 15.9999L16.2983 26.3707L14.4127 24.4851L21.5647 17.3332H5.33594V14.6665H21.5647Z\" fill=\"#C83838\"\/>\r\n<\/svg><\/span>\r\n\t\t\t\t<\/div>\r\n            <\/div>\r\n        <\/div>\t\t\t\t<\/div>\n\t\t\t\t<\/div>\n\t\t\t\t<\/div>\n\t\t\t\t<\/a>\n\t\t<a class=\"elementor-element elementor-element-c940542 e-con-full e-flex e-con e-child\" data-id=\"c940542\" data-element_type=\"container\" data-settings=\"{&quot;background_background&quot;:&quot;classic&quot;}\" href=\"https:\/\/meetings.hubspot.com\/digify\/digify-sales\" target=\"_blank\" rel=\"noopener\">\n\t\t<div class=\"elementor-element elementor-element-99486a5 e-con-full e-flex e-con e-child\" data-id=\"99486a5\" data-element_type=\"container\">\n\t\t\t\t<div class=\"elementor-element elementor-element-208e46e elementor-widget elementor-widget-heading\" data-id=\"208e46e\" data-element_type=\"widget\" data-widget_type=\"heading.default\">\n\t\t\t\t\t<h3 class=\"elementor-heading-title elementor-size-default\">Asien-Pazifik und Ozeanien<\/h3>\t\t\t\t<\/div>\n\t\t\t\t<div class=\"elementor-element elementor-element-b7b52a1 elementor-widget elementor-widget-text-editor\" data-id=\"b7b52a1\" data-element_type=\"widget\" data-widget_type=\"text-editor.default\">\n\t\t\t\t\t\t\t\t\t<p><span style=\"font-weight: 400;\">Asien, Australien und Neuseeland<\/span><\/p>\t\t\t\t\t\t\t\t<\/div>\n\t\t\t\t<\/div>\n\t\t<div class=\"elementor-element elementor-element-5eaa1b9 e-con-full e-flex e-con e-child\" data-id=\"5eaa1b9\" data-element_type=\"container\">\n\t\t\t\t<div class=\"elementor-element elementor-element-699ba50 elementor-widget elementor-widget-xa-icon-type-widget\" data-id=\"699ba50\" data-element_type=\"widget\" data-widget_type=\"xa-icon-type-widget.default\">\n\t\t\t\t<div class=\"elementor-widget-container\">\n\t\t\t\t\t\r\n        <div class=\"xa-wrapper xa-alignment xa-list-styles\">\r\n            <div class=\"xa-icon-type xa-layout-1\"><div class=\"svg\"><span class=\"xa-list-icon\"><svg xmlns=\"http:\/\/www.w3.org\/2000\/svg\" width=\"32\" height=\"32\" viewbox=\"0 0 32 32\" fill=\"none\">\r\n  <path d=\"M21.5647 14.6665L14.4127 7.51452L16.2983 5.62891L26.6693 15.9999L16.2983 26.3707L14.4127 24.4851L21.5647 17.3332H5.33594V14.6665H21.5647Z\" fill=\"#C83838\"\/>\r\n<\/svg><\/span>\r\n\t\t\t\t<\/div>\r\n            <\/div>\r\n        <\/div>\t\t\t\t<\/div>\n\t\t\t\t<\/div>\n\t\t\t\t<\/div>\n\t\t\t\t<\/a>\n\t\t\t\t<\/div>\n\t\t<div class=\"elementor-element elementor-element-f542fd3 e-con-full e-flex e-con e-child\" data-id=\"f542fd3\" data-element_type=\"container\" data-settings=\"{&quot;background_background&quot;:&quot;classic&quot;}\">\n\t\t<div class=\"elementor-element elementor-element-672e356 e-con-full e-flex e-con e-child\" data-id=\"672e356\" data-element_type=\"container\">\n\t\t<div class=\"elementor-element elementor-element-800c592 e-con-full e-flex e-con e-child\" data-id=\"800c592\" data-element_type=\"container\">\n\t\t\t\t<div class=\"elementor-element elementor-element-e00ff60 elementor-widget elementor-widget-heading\" data-id=\"e00ff60\" data-element_type=\"widget\" data-widget_type=\"heading.default\">\n\t\t\t\t\t<h3 class=\"elementor-heading-title elementor-size-default\">Was Sie erwarten k\u00f6nnen:<\/h3>\t\t\t\t<\/div>\n\t\t\t\t<div class=\"elementor-element elementor-element-cbeb1f5 elementor-widget__width-initial elementor-widget elementor-widget-xa-list-type-widget\" data-id=\"cbeb1f5\" data-element_type=\"widget\" data-widget_type=\"xa-list-type-widget.default\">\n\t\t\t\t<div class=\"elementor-widget-container\">\n\t\t\t\t\t\r\n        <div class=\"xa-wrapper xa-alignment xa-list-styles\">\r\n            <ul class=\"xa-list-styles__list xa-layout-1 text-left\"><li class=\"icon\"><span class=\"xa-list-icon\"><i class=\"fas fa-check\"><\/i><\/span>\r\n\t\t\t\t<div class=\"xa-list-content\"><p class=\"xa-list-content__title\"><a href=\"#\">Erhalten Sie eine pers\u00f6nliche Demo der Funktionen von Digify\n<\/a><\/p>\r\n\t\t\t\t<\/div>\r\n\t\t\t\t<\/li><li class=\"icon\"><span class=\"xa-list-icon\"><i class=\"fas fa-check\"><\/i><\/span>\r\n\t\t\t\t<div class=\"xa-list-content\"><p class=\"xa-list-content__title\"><a href=\"#\">H\u00f6ren Sie Erfolgsgeschichten von Kunden\n<\/a><\/p>\r\n\t\t\t\t<\/div>\r\n\t\t\t\t<\/li><li class=\"icon\"><span class=\"xa-list-icon\"><i class=\"fas fa-check\"><\/i><\/span>\r\n\t\t\t\t<div class=\"xa-list-content\"><p class=\"xa-list-content__title\"><a href=\"#\">Erfahren Sie mehr \u00fcber die Preisoptionen f\u00fcr Ihren Anwendungsfall<\/a><\/p>\r\n\t\t\t\t<\/div>\r\n\t\t\t\t<\/li>\r\n            <\/ul>\r\n        <\/div>\t\t\t\t<\/div>\n\t\t\t\t<\/div>\n\t\t\t\t<\/div>\n\t\t<div class=\"elementor-element elementor-element-6cf3508 e-con-full e-flex e-con e-child\" data-id=\"6cf3508\" data-element_type=\"container\">\n\t\t\t\t<div class=\"elementor-element elementor-element-7f73c9b elementor-widget elementor-widget-heading\" data-id=\"7f73c9b\" data-element_type=\"widget\" data-widget_type=\"heading.default\">\n\t\t\t\t\t<p class=\"elementor-heading-title elementor-size-default\">Verwendet von \u00fcber <b>700,000<\/b> Fachleute auf der ganzen Welt<\/p>\t\t\t\t<\/div>\n\t\t\t\t<div class=\"elementor-element elementor-element-066daf9 sp-brand-list elementor-widget elementor-widget-global elementor-global-31508 elementor-widget-sp-brands\" data-id=\"066daf9\" data-element_type=\"widget\" data-widget_type=\"sp-brands.default\">\n\t\t\t\t<div class=\"elementor-widget-container\">\n\t\t\t\t\t\n\t\t<style>\n\t\t<\/style>\n\t\t\n\t\t<div class=\"brand_wrapper scroller-moves-58 scroller-x mt-1 pb-3\" data-direction=\"left\" data-speed=\"slow\" data-animated=\"true\">\n\t\t\t<ul class=\"list-unstyled p-0 m-0 d-flex align-items-center gap-9 scroller-x__list\">\n\t\t\t\t<li>\n\t\t\t\t\t<a href=\"\"><img decoding=\"async\" src=\"https:\/\/digify.com\/wp-content\/uploads\/2026\/02\/Logo_SilverLake_1.webp\" alt=\"Bild\" class=\"img-fluid px-3 px-md-8\"><\/a>\n\t\t\t\t<\/li>\n\t\t\t\t<li>\n\t\t\t\t\t<a href=\"\"><img decoding=\"async\" src=\"https:\/\/digify.com\/wp-content\/uploads\/2026\/02\/Logo_BCG.webp\" alt=\"Bild\" class=\"img-fluid px-3 px-md-8\"><\/a>\n\t\t\t\t<\/li>\n\t\t\t\t<li>\n\t\t\t\t\t<a href=\"\"><img decoding=\"async\" src=\"https:\/\/digify.com\/wp-content\/uploads\/2026\/02\/Logo_ByteDance_3.webp\" alt=\"Bild\" class=\"img-fluid px-3 px-md-8\"><\/a>\n\t\t\t\t<\/li>\n\t\t\t\t<li>\n\t\t\t\t\t<a href=\"\"><img decoding=\"async\" src=\"https:\/\/digify.com\/wp-content\/uploads\/2026\/02\/Logo_LinkedIn_4.webp\" alt=\"Bild\" class=\"img-fluid px-3 px-md-8\"><\/a>\n\t\t\t\t<\/li>\n\t\t\t\t<li>\n\t\t\t\t\t<a href=\"\"><img decoding=\"async\" src=\"https:\/\/digify.com\/wp-content\/uploads\/2026\/02\/Logo_JLL.webp\" alt=\"Bild\" class=\"img-fluid px-3 px-md-8\"><\/a>\n\t\t\t\t<\/li>\n\t\t\t\t<li>\n\t\t\t\t\t<a href=\"\"><img decoding=\"async\" src=\"https:\/\/digify.com\/wp-content\/uploads\/2026\/02\/Logo_GlobalBlue_6.webp\" alt=\"Bild\" class=\"img-fluid px-3 px-md-8\"><\/a>\n\t\t\t\t<\/li>\n\t\t\t\t<li>\n\t\t\t\t\t<a href=\"\"><img decoding=\"async\" src=\"https:\/\/digify.com\/wp-content\/uploads\/2026\/02\/Logo_Caterpillar_7.webp\" alt=\"Bild\" class=\"img-fluid px-3 px-md-8\"><\/a>\n\t\t\t\t<\/li>\n\t\t\t\t<li>\n\t\t\t\t\t<a href=\"\"><img decoding=\"async\" src=\"https:\/\/digify.com\/wp-content\/uploads\/2026\/02\/Logo_BearingPoint_8.webp\" alt=\"Bild\" class=\"img-fluid px-3 px-md-8\"><\/a>\n\t\t\t\t<\/li>\n\t\t\t\t<li>\n\t\t\t\t\t<a href=\"\"><img decoding=\"async\" src=\"https:\/\/digify.com\/wp-content\/uploads\/2026\/02\/Logo_KROLL_9.webp\" alt=\"Bild\" class=\"img-fluid px-3 px-md-8\"><\/a>\n\t\t\t\t<\/li>\n\t\t\t\t<li>\n\t\t\t\t\t<a href=\"\"><img decoding=\"async\" src=\"https:\/\/digify.com\/wp-content\/uploads\/2026\/02\/Logo_Comcast.webp\" alt=\"Bild\" class=\"img-fluid px-3 px-md-8\"><\/a>\n\t\t\t\t<\/li>\n\t\t\t\t<li>\n\t\t\t\t\t<a href=\"\"><img decoding=\"async\" src=\"https:\/\/digify.com\/wp-content\/uploads\/2026\/02\/Logo_HarvardMedical.webp\" alt=\"Bild\" class=\"img-fluid px-3 px-md-8\"><\/a>\n\t\t\t\t<\/li>\n\t\t\t\t<li>\n\t\t\t\t\t<a href=\"\"><img decoding=\"async\" src=\"https:\/\/digify.com\/wp-content\/uploads\/2026\/02\/Logo_CMU_12.webp\" alt=\"Bild\" class=\"img-fluid px-3 px-md-8\"><\/a>\n\t\t\t\t<\/li>\n\t\t\t\t<li>\n\t\t\t\t\t<a href=\"\"><img decoding=\"async\" src=\"https:\/\/digify.com\/wp-content\/uploads\/2026\/02\/Logo_LexisNexis_13.webp\" alt=\"Bild\" class=\"img-fluid px-3 px-md-8\"><\/a>\n\t\t\t\t<\/li>\n\t\t\t\t<li>\n\t\t\t\t\t<a href=\"\"><img decoding=\"async\" src=\"https:\/\/digify.com\/wp-content\/uploads\/2026\/02\/Logo_Vodafone_14.webp\" alt=\"Bild\" class=\"img-fluid px-3 px-md-8\"><\/a>\n\t\t\t\t<\/li>\n\t\t\t\t<li>\n\t\t\t\t\t<a href=\"\"><img decoding=\"async\" src=\"https:\/\/digify.com\/wp-content\/uploads\/2026\/02\/Logo_LLOYDS_15.webp\" alt=\"Bild\" class=\"img-fluid px-3 px-md-8\"><\/a>\n\t\t\t\t<\/li>\n\t\t\t\t<li>\n\t\t\t\t\t<a href=\"\"><img decoding=\"async\" src=\"https:\/\/digify.com\/wp-content\/uploads\/2026\/02\/Logo_UNDP_16.webp\" alt=\"Bild\" class=\"img-fluid px-3 px-md-8\"><\/a>\n\t\t\t\t<\/li>\n\t\t\t\t<li>\n\t\t\t\t\t<a href=\"\"><img decoding=\"async\" src=\"https:\/\/digify.com\/wp-content\/uploads\/2026\/02\/Logo_Subaru_17.webp\" alt=\"Bild\" class=\"img-fluid px-3 px-md-8\"><\/a>\n\t\t\t\t<\/li>\n\t\t\t\t<li>\n\t\t\t\t\t<a href=\"\"><img decoding=\"async\" src=\"https:\/\/digify.com\/wp-content\/uploads\/2026\/02\/Logo_Instacart.webp\" alt=\"Bild\" class=\"img-fluid px-3 px-md-8\"><\/a>\n\t\t\t\t<\/li>\n\t\t\t\t<li>\n\t\t\t\t\t<a href=\"\"><img decoding=\"async\" src=\"https:\/\/digify.com\/wp-content\/uploads\/2026\/02\/Logo_Blackberry_19.webp\" alt=\"Bild\" class=\"img-fluid px-3 px-md-8\"><\/a>\n\t\t\t\t<\/li>\n\t\t\t\t<li>\n\t\t\t\t\t<a href=\"\"><img decoding=\"async\" src=\"https:\/\/digify.com\/wp-content\/uploads\/2026\/02\/Logo_PeakXV-2.webp\" alt=\"Bild\" class=\"img-fluid px-3 px-md-8\"><\/a>\n\t\t\t\t<\/li>\n\t\t\t\t<li>\n\t\t\t\t\t<a href=\"\"><img decoding=\"async\" src=\"https:\/\/digify.com\/wp-content\/uploads\/2026\/02\/Logo_PolyChain-2.webp\" alt=\"Bild\" class=\"img-fluid px-3 px-md-8\"><\/a>\n\t\t\t\t<\/li>\n\t\t\t\t<li>\n\t\t\t\t\t<a href=\"\"><img decoding=\"async\" src=\"https:\/\/digify.com\/wp-content\/uploads\/2026\/02\/Logo_BrevanHoward_22.webp\" alt=\"Bild\" class=\"img-fluid px-3 px-md-8\"><\/a>\n\t\t\t\t<\/li>\n\t\t\t<\/ul>\n\t\t<\/div>\t\t\t\t<\/div>\n\t\t\t\t<\/div>\n\t\t\t\t<\/div>\n\t\t\t\t<\/div>\n\t\t\t\t<\/div>\n\t\t\t\t\t<\/div>\n\t\t\t\t<\/div>\n\t\t\t\t<\/div>","protected":false},"excerpt":{"rendered":"<p>Let\u2019s schedule your demo Schedule a 30-minute product demo with your document security expert Americas USA, Canada, Mexico, South America EU, UK, Middle East, Africa Europe, United Kingdom, Middle East &amp; Africa Asia Pacific &amp; Oceania Asia, Australia &amp; New Zealand What to expect: Get a personalized demo of Digify\u2019s features Hear customer success stories [&hellip;]<\/p>\n","protected":false},"author":5,"featured_media":0,"parent":0,"menu_order":0,"comment_status":"closed","ping_status":"closed","template":"","meta":{"footnotes":""},"class_list":["post-7201","page","type-page","status-publish","hentry"],"_links":{"self":[{"href":"https:\/\/staging-x.digifyteam.com\/de\/wp-json\/wp\/v2\/pages\/7201","targetHints":{"allow":["GET"]}}],"collection":[{"href":"https:\/\/staging-x.digifyteam.com\/de\/wp-json\/wp\/v2\/pages"}],"about":[{"href":"https:\/\/staging-x.digifyteam.com\/de\/wp-json\/wp\/v2\/types\/page"}],"author":[{"embeddable":true,"href":"https:\/\/staging-x.digifyteam.com\/de\/wp-json\/wp\/v2\/users\/5"}],"replies":[{"embeddable":true,"href":"https:\/\/staging-x.digifyteam.com\/de\/wp-json\/wp\/v2\/comments?post=7201"}],"version-history":[{"count":119,"href":"https:\/\/staging-x.digifyteam.com\/de\/wp-json\/wp\/v2\/pages\/7201\/revisions"}],"predecessor-version":[{"id":37920,"href":"https:\/\/staging-x.digifyteam.com\/de\/wp-json\/wp\/v2\/pages\/7201\/revisions\/37920"}],"wp:attachment":[{"href":"https:\/\/staging-x.digifyteam.com\/de\/wp-json\/wp\/v2\/media?parent=7201"}],"curies":[{"name":"wp","href":"https:\/\/api.w.org\/{rel}","templated":true}]}}